{"id":61,"date":"2015-05-21T19:24:04","date_gmt":"2015-05-21T18:24:04","guid":{"rendered":"http:\/\/www.muula.ca\/cours\/?page_id=61"},"modified":"2015-05-21T19:24:04","modified_gmt":"2015-05-21T18:24:04","slug":"inscription","status":"publish","type":"page","link":"https:\/\/www.muula.ca\/cours\/inscription\/","title":{"rendered":"Inscription"},"content":{"rendered":"<p>[et_pb_section bb_built=&#8221;1&#8243; admin_label=&#8221;section&#8221; fullwidth=&#8221;on&#8221; specialty=&#8221;off&#8221; transparent_background=&#8221;off&#8221; background_color=&#8221;#f8f8f8&#8243; allow_player_pause=&#8221;off&#8221; inner_shadow=&#8221;off&#8221; parallax=&#8221;off&#8221; parallax_method=&#8221;off&#8221;][et_pb_fullwidth_header title=&#8221;Devenez membre de la grande famille de MuUla&#8221; subhead=&#8221;D\u00e9couvrez l\u2019ABC de la sati\u00e9t\u00e9!&#8221; background_layout=&#8221;light&#8221; text_orientation=&#8221;center&#8221; \/][\/et_pb_section][et_pb_section bb_built=&#8221;1&#8243; admin_label=&#8221;section&#8221;][et_pb_row admin_label=&#8221;row&#8221; background_position=&#8221;top_left&#8221; background_repeat=&#8221;repeat&#8221; background_size=&#8221;initial&#8221;][et_pb_column type=&#8221;1_3&#8243;][et_pb_blurb admin_label=&#8221;Blurb&#8221; title=&#8221;Bootcamp Muula&#8221; url_new_window=&#8221;off&#8221; use_icon=&#8221;off&#8221; icon_color=&#8221;#2ea3f2&#8243; use_circle=&#8221;off&#8221; circle_color=&#8221;#2ea3f2&#8243; use_circle_border=&#8221;off&#8221; circle_border_color=&#8221;#2ea3f2&#8243; image=&#8221;http:\/\/www.muula.ca\/cours\/wp-content\/uploads\/sites\/2\/2017\/10\/accueil-section-bootcamp.jpg&#8221; icon_placement=&#8221;top&#8221; animation=&#8221;top&#8221; background_layout=&#8221;light&#8221; text_orientation=&#8221;center&#8221; url=&#8221;https:\/\/muula.securechkout.com\/bootcamp-promo&#8221; font_icon=&#8221;=&#8221; alt=&#8221;D\u00e9tails et inscription&#8221; use_icon_font_size=&#8221;off&#8221; border_style=&#8221;solid&#8221; background_position=&#8221;top_left&#8221; background_repeat=&#8221;repeat&#8221; background_size=&#8221;initial&#8221; _builder_version=&#8221;3.0.60&#8243;]<\/p>\n<p>4 cl\u00e9s \u00e0 conna\u00eetre absolument pour ne pas se battre avec son poids toute sa vie!<\/p>\n<p>[\/et_pb_blurb][et_pb_cta button_url=&#8221;https:\/\/muula.securechkout.com\/bootcamp-promo&#8221; button_text=&#8221;Inscrivez-vous ici!&#8221; use_background_color=&#8221;off&#8221; background_layout=&#8221;light&#8221; background_position=&#8221;top_left&#8221; background_repeat=&#8221;repeat&#8221; background_size=&#8221;initial&#8221; _builder_version=&#8221;3.0.60&#8243; url_new_window=&#8221;off&#8221; border_style=&#8221;solid&#8221; custom_button=&#8221;off&#8221; button_letter_spacing=&#8221;0&#8243; button_icon_placement=&#8221;right&#8221; button_letter_spacing_hover=&#8221;0&#8243; \/][\/et_pb_column][et_pb_column type=&#8221;1_3&#8243;][et_pb_blurb admin_label=&#8221;Blurb&#8221; title=&#8221;Programme Alimentation intuitive&#8221; url_new_window=&#8221;off&#8221; use_icon=&#8221;off&#8221; icon_color=&#8221;#2ea3f2&#8243; use_circle=&#8221;off&#8221; circle_color=&#8221;#2ea3f2&#8243; use_circle_border=&#8221;off&#8221; circle_border_color=&#8221;#2ea3f2&#8243; image=&#8221;http:\/\/www.muula.ca\/cours\/wp-content\/uploads\/2015\/05\/v-01.jpg&#8221; icon_placement=&#8221;top&#8221; animation=&#8221;top&#8221; background_layout=&#8221;light&#8221; text_orientation=&#8221;center&#8221; url=&#8221;http:\/\/www.muula.ca\/cours\/inscription-au-programme-alimentation-intuitive\/&#8221; font_icon=&#8221;=&#8221; alt=&#8221;Inscription au cours Alimentation intuitive&#8221; use_icon_font_size=&#8221;off&#8221; use_border_color=&#8221;off&#8221; border_color=&#8221;#ffffff&#8221; border_style=&#8221;solid&#8221; background_position=&#8221;top_left&#8221; background_repeat=&#8221;repeat&#8221; background_size=&#8221;initial&#8221;]<\/p>\n<p>12 cours en ligne, bonus, sessions de questions et r\u00e9ponses, le tout anim\u00e9 par Guylaine Guevremont.<\/p>\n<p>[\/et_pb_blurb][et_pb_cta button_url=&#8221;https:\/\/muula.securechkout.com\/inscription-alimentation-intuitive&#8221; button_text=&#8221;Inscrivez-vous ici!&#8221; use_background_color=&#8221;off&#8221; background_layout=&#8221;light&#8221; background_position=&#8221;top_left&#8221; background_repeat=&#8221;repeat&#8221; background_size=&#8221;initial&#8221; _builder_version=&#8221;3.0.60&#8243; url_new_window=&#8221;off&#8221; border_style=&#8221;solid&#8221; custom_button=&#8221;off&#8221; button_letter_spacing=&#8221;0&#8243; button_icon_placement=&#8221;right&#8221; button_letter_spacing_hover=&#8221;0&#8243; \/][\/et_pb_column][et_pb_column type=&#8221;1_3&#8243;][et_pb_blurb admin_label=&#8221;Blurb&#8221; title=&#8221;Programme Transformation Profonde&#8221; url_new_window=&#8221;off&#8221; use_icon=&#8221;off&#8221; icon_color=&#8221;#2ea3f2&#8243; use_circle=&#8221;off&#8221; circle_color=&#8221;#2ea3f2&#8243; use_circle_border=&#8221;off&#8221; circle_border_color=&#8221;#2ea3f2&#8243; image=&#8221;http:\/\/www.muula.ca\/cours\/wp-content\/uploads\/sites\/2\/2019\/01\/PSP-vignettes-10.jpg&#8221; icon_placement=&#8221;top&#8221; animation=&#8221;off&#8221; background_layout=&#8221;light&#8221; text_orientation=&#8221;center&#8221; alt=&#8221;Programme Transformation Profonde&#8221; use_icon_font_size=&#8221;off&#8221; border_style=&#8221;solid&#8221; background_position=&#8221;top_left&#8221; background_repeat=&#8221;repeat&#8221; background_size=&#8221;initial&#8221; _builder_version=&#8221;3.0.60&#8243; url=&#8221;http:\/\/www.muula.ca\/cours\/information-programme-transformation-profonde\/&#8221;]<\/p>\n<p>6 mois pour prendre conscience de l\u2019impact de la vision de votre corps sur diff\u00e9rents aspects de votre vie et apprendre \u00e0 l\u00e2cher prise face \u00e0 votre poids afin d\u2019arriver \u00e0 vous concentrer sur votre relation \u00e0 la nourriture.<\/p>\n<p>[\/et_pb_blurb][et_pb_cta button_text=&#8221;Tous les d\u00e9tails&#8221; use_background_color=&#8221;off&#8221; background_layout=&#8221;light&#8221; url_new_window=&#8221;off&#8221; border_style=&#8221;solid&#8221; custom_button=&#8221;off&#8221; button_letter_spacing=&#8221;0&#8243; button_icon_placement=&#8221;right&#8221; button_letter_spacing_hover=&#8221;0&#8243; background_position=&#8221;top_left&#8221; background_repeat=&#8221;repeat&#8221; background_size=&#8221;initial&#8221; _builder_version=&#8221;3.0.60&#8243; button_url=&#8221;http:\/\/www.muula.ca\/cours\/information-programme-transformation-profonde\/&#8221; \/][\/et_pb_column][\/et_pb_row][et_pb_row admin_label=&#8221;row&#8221; background_position=&#8221;top_left&#8221; background_repeat=&#8221;repeat&#8221; background_size=&#8221;initial&#8221;][et_pb_column type=&#8221;1_3&#8243;][et_pb_blurb admin_label=&#8221;Blurb&#8221; title=&#8221;Programme Express\u00e9ment pour moi&#8221; url_new_window=&#8221;off&#8221; use_icon=&#8221;off&#8221; icon_color=&#8221;#2ea3f2&#8243; use_circle=&#8221;off&#8221; circle_color=&#8221;#2ea3f2&#8243; use_circle_border=&#8221;off&#8221; circle_border_color=&#8221;#2ea3f2&#8243; image=&#8221;http:\/\/www.muula.ca\/cours\/wp-content\/uploads\/sites\/2\/2017\/07\/banniere-p-trois-mois-jaune.jpg&#8221; icon_placement=&#8221;top&#8221; animation=&#8221;off&#8221; background_layout=&#8221;light&#8221; text_orientation=&#8221;center&#8221; alt=&#8221;Programme Express\u00e9ment pour moi&#8221; use_icon_font_size=&#8221;off&#8221; border_style=&#8221;solid&#8221; background_position=&#8221;top_left&#8221; background_repeat=&#8221;repeat&#8221; background_size=&#8221;initial&#8221; _builder_version=&#8221;3.0.60&#8243;]<\/p>\n<p>Trois mois pour vous permettre d\u2019en finir avec vos compulsions alimentaires!<\/p>\n<p>[\/et_pb_blurb][et_pb_cta button_text=&#8221;Tous les d\u00e9tails&#8221; use_background_color=&#8221;off&#8221; background_layout=&#8221;light&#8221; url_new_window=&#8221;off&#8221; border_style=&#8221;solid&#8221; custom_button=&#8221;off&#8221; button_letter_spacing=&#8221;0&#8243; button_icon_placement=&#8221;right&#8221; button_letter_spacing_hover=&#8221;0&#8243; background_position=&#8221;top_left&#8221; background_repeat=&#8221;repeat&#8221; background_size=&#8221;initial&#8221; _builder_version=&#8221;3.0.60&#8243; button_url=&#8221;http:\/\/www.muula.ca\/cours\/information-programme-expressement-pour-moi-2\/&#8221; \/][\/et_pb_column][et_pb_column type=&#8221;1_3&#8243;][et_pb_blurb admin_label=&#8221;Blurb&#8221; title=&#8221;Programme Origine&#8221; url_new_window=&#8221;off&#8221; use_icon=&#8221;off&#8221; icon_color=&#8221;#2ea3f2&#8243; use_circle=&#8221;off&#8221; circle_color=&#8221;#2ea3f2&#8243; use_circle_border=&#8221;off&#8221; circle_border_color=&#8221;#2ea3f2&#8243; image=&#8221;http:\/\/www.muula.ca\/cours\/wp-content\/uploads\/sites\/2\/2015\/05\/vignette-inscription-p-origine.jpg&#8221; icon_placement=&#8221;top&#8221; animation=&#8221;off&#8221; background_layout=&#8221;light&#8221; text_orientation=&#8221;center&#8221; alt=&#8221;Inscription au programme Origine&#8221; url=&#8221;http:\/\/www.muula.ca\/cours\/information-programme-origine\/&#8221; use_icon_font_size=&#8221;off&#8221; use_border_color=&#8221;off&#8221; border_color=&#8221;#ffffff&#8221; border_style=&#8221;solid&#8221; background_position=&#8221;top_left&#8221; background_repeat=&#8221;repeat&#8221; background_size=&#8221;initial&#8221; _builder_version=&#8221;3.0.60&#8243;]<\/p>\n<p>\u00c0 travers ce programme d\u2019un an, lib\u00e9rez-vous de vos kilos \u00e9motionnels pour vivre la vie \u00e0 laquelle vous aspirez!<\/p>\n<p>[\/et_pb_blurb][et_pb_cta button_url=&#8221;http:\/\/www.muula.ca\/cours\/information-programme-origine\/&#8221; button_text=&#8221;Tous les d\u00e9tails&#8221; use_background_color=&#8221;off&#8221; background_layout=&#8221;light&#8221; url_new_window=&#8221;off&#8221; border_style=&#8221;solid&#8221; custom_button=&#8221;off&#8221; button_letter_spacing=&#8221;0&#8243; button_icon_placement=&#8221;right&#8221; button_letter_spacing_hover=&#8221;0&#8243; background_position=&#8221;top_left&#8221; background_repeat=&#8221;repeat&#8221; background_size=&#8221;initial&#8221; _builder_version=&#8221;3.0.60&#8243; \/][\/et_pb_column][et_pb_column type=&#8221;1_3&#8243;][\/et_pb_column][\/et_pb_row][\/et_pb_section]<\/p>\n","protected":false},"excerpt":{"rendered":"<p>4 cl\u00e9s \u00e0 conna\u00eetre absolument pour ne pas se battre avec son poids toute sa vie! 12 cours en ligne, bonus, sessions de questions et r\u00e9ponses, le tout anim\u00e9 par Guylaine Guevremont. 6 mois pour prendre conscience de l\u2019impact de la vision de votre corps sur diff\u00e9rents aspects de votre vie et apprendre \u00e0 l\u00e2cher [&hellip;]<\/p>\n","protected":false},"author":8,"featured_media":0,"parent":0,"menu_order":0,"comment_status":"open","ping_status":"open","template":"","meta":{"_et_pb_use_builder":"on","_et_pb_old_content":"<h2>Inscriptions<\/h2><p>Paragraphe explicatif et incitatif<\/p><p>Inscription au cours Alimentation intuitive<\/p><p>Inscription au cours Manger ses \u00e9motions<\/p><p>Inscription \u00e0 la formation aux professionnels Manger ses \u00e9motion<\/p><p><\/p>","_et_gb_content_width":"","footnotes":""},"class_list":["post-61","page","type-page","status-publish","hentry"],"_links":{"self":[{"href":"https:\/\/www.muula.ca\/cours\/wp-json\/wp\/v2\/pages\/61","targetHints":{"allow":["GET"]}}],"collection":[{"href":"https:\/\/www.muula.ca\/cours\/wp-json\/wp\/v2\/pages"}],"about":[{"href":"https:\/\/www.muula.ca\/cours\/wp-json\/wp\/v2\/types\/page"}],"author":[{"embeddable":true,"href":"https:\/\/www.muula.ca\/cours\/wp-json\/wp\/v2\/users\/8"}],"replies":[{"embeddable":true,"href":"https:\/\/www.muula.ca\/cours\/wp-json\/wp\/v2\/comments?post=61"}],"version-history":[{"count":0,"href":"https:\/\/www.muula.ca\/cours\/wp-json\/wp\/v2\/pages\/61\/revisions"}],"wp:attachment":[{"href":"https:\/\/www.muula.ca\/cours\/wp-json\/wp\/v2\/media?parent=61"}],"curies":[{"name":"wp","href":"https:\/\/api.w.org\/{rel}","templated":true}]}}