{"id":59,"date":"2015-05-21T19:23:32","date_gmt":"2015-05-21T18:23:32","guid":{"rendered":"http:\/\/www.muula.ca\/cours\/?page_id=59"},"modified":"2015-05-21T19:23:32","modified_gmt":"2015-05-21T18:23:32","slug":"faq","status":"publish","type":"page","link":"https:\/\/www.muula.ca\/cours\/faq\/","title":{"rendered":"FAQ"},"content":{"rendered":"<p>[et_pb_section][et_pb_row][et_pb_column type=&#8221;4_4&#8243;][et_pb_text admin_label=&#8221;Texte&#8221; background_layout=&#8221;light&#8221; text_orientation=&#8221;left&#8221;]<\/p>\n<h1>FAQ<\/h1>\n<p>[\/et_pb_text][et_pb_accordion admin_label=&#8221;Accord\u00e9on&#8221;][et_pb_accordion_item title=&#8221;Au secours! Je n\u2019arrive pas \u00e0 avoir acc\u00e8s \u00e0 mon compte&#8221;]<\/p>\n<p>Gardez \u00e0 l\u2019esprit que vous devez saisir votre nom d\u2019utilisateur et mot de passe exactement comme ils vous ont \u00e9t\u00e9 fournis dans votre courriel d\u2019inscription.<\/p>\n<p>Si vous avez r\u00e9initialis\u00e9 votre mot de passe depuis, assurez-vous que vous l\u2019entrez exactement comme vous l\u2019avez cr\u00e9\u00e9.<\/p>\n<p>Si vous avez oubli\u00e9 votre nom d\u2019utilisateur ou mot de passe, ne vous inqui\u00e9tez pas, cliquez sur le lien sous la boite de saisie et ils vous seront envoy\u00e9s automatiquement.<\/p>\n<p><a href=\"http:\/\/www.muula.ca\/cours\/connectez-vous\/\">La page de connexion se trouve ici<\/a>.<\/p>\n<p>[\/et_pb_accordion_item][et_pb_accordion_item title=&#8221;J\u2019ai acc\u00e8s au programme combien de temps?&#8221;]<\/p>\n<p>Vous allez avoir acc\u00e8s au cours aussi longtemps que vous avez besoin. Il n\u2019y a pas de limite de temps, il est \u00e0 vous. Comme un livre que vous achetez.<\/p>\n<p>[\/et_pb_accordion_item][et_pb_accordion_item title=&#8221;Quel est le temps de livraison?&#8221;]<\/p>\n<p>Le programme <em>Alimentation intuitive<\/em> est t\u00e9l\u00e9chargeable avec acc\u00e8s en ligne instantan\u00e9, de sorte que vous n\u2019avez pas \u00e0 attendre de le recevoir par la poste ni g\u00e9rer les d\u00e9lais de livraison.<\/p>\n<p>Vous pouvez commencer le programme imm\u00e9diatement et y acc\u00e9der de n\u2019importe o\u00f9.<\/p>\n<p><a href=\"http:\/\/www.muula.ca\/cours\/connectez-vous\/\">Connectez-vous<\/a> avec votre <strong>nom d\u2019utilisateur<\/strong> et votre <strong>mot de passe<\/strong> dans les cases identifi\u00e9es \u00e0 cet effet.<\/p>\n<p>Vous pouvez alors \u00e9couter tout le programme en ligne.<\/p>\n<p>[\/et_pb_accordion_item][\/et_pb_accordion][\/et_pb_column][\/et_pb_row][\/et_pb_section]<\/p>\n","protected":false},"excerpt":{"rendered":"<p><div class=\"et_pb_section et_pb_section_0 et_section_regular\" >\n\t\t\t\t\n\t\t\t\t\n\t\t\t\t\n\t\t\t\t\n\t\t\t\t\n\t\t\t\t\n\t\t\t\t\n\t\t\t\t\n\t\t\t\t\n\t\t\t<\/div><div class=\"et_pb_row et_pb_row_0 et_pb_row_empty\">\n\t\t\t\t\n\t\t\t\t\n\t\t\t\t\n\t\t\t\t\n\t\t\t\t\n\t\t\t<\/div> FAQ Gardez \u00e0 l\u2019esprit que vous devez saisir votre nom d\u2019utilisateur et mot de passe exactement comme ils vous ont \u00e9t\u00e9 fournis dans votre courriel d\u2019inscription. Si vous avez r\u00e9initialis\u00e9 votre mot de passe depuis, assurez-vous que vous l\u2019entrez exactement comme vous l\u2019avez cr\u00e9\u00e9. Si vous avez oubli\u00e9 votre nom d\u2019utilisateur ou mot de [&hellip;]<\/p>\n","protected":false},"author":8,"featured_media":0,"parent":0,"menu_order":0,"comment_status":"open","ping_status":"open","template":"","meta":{"_et_pb_use_builder":"on","_et_pb_old_content":"<h3>Au secours! Je n\u2019arrive pas \u00e0 avoir acc\u00e8s \u00e0 mon compte<\/h3><p>Gardez \u00e0 l'esprit que vous devez saisir votre nom d\u2019utilisateur et mot de passe exactement comme ils vous ont \u00e9t\u00e9 fournis dans votre courriel d'inscription.<\/p><p>Si vous avez r\u00e9initialis\u00e9 votre mot de passe depuis, assurez-vous que vous l\u2019entrez exactement comme vous l'avez cr\u00e9\u00e9.<\/p><p>Si vous avez oubli\u00e9 votre nom d'utilisateur ou mot de passe, ne vous inqui\u00e9tez pas, cliquez sur le lien sous la boite de saisie et ils vous seront envoy\u00e9s automatiquement.<\/p><p><a href=\"http:\/\/www.muula.ca\/cours\/connectez-vous\/\">La page de connexion se trouve ici<\/a>.<\/p><h3>J\u2019ai acc\u00e8s au programme combien de temps?<\/h3><p>Vous allez avoir acc\u00e8s au cours aussi longtemps que vous avez besoin. Il n\u2019y a pas de limite de temps, il est \u00e0 vous. Comme un livre que vous achetez.<\/p><h3>Quel est le temps de livraison\u00a0?<\/h3><p>Le programme <em>Alimentation intuitive<\/em> est t\u00e9l\u00e9chargeable avec acc\u00e8s en ligne instantan\u00e9, de sorte que vous n\u2019avez pas \u00e0 attendre de le recevoir par la poste ni g\u00e9rer les d\u00e9lais de livraison.<\/p><p>Vous pouvez commencer le programme imm\u00e9diatement et y acc\u00e9der de n'importe o\u00f9.<\/p><p><a href=\"http:\/\/www.muula.ca\/cours\/connectez-vous\/\">Connectez-vous<\/a> avec votre <strong>nom d\u2019utilisateur<\/strong> et votre <strong>mot de passe<\/strong> dans les cases identifi\u00e9es \u00e0 cet effet.<\/p><p>Vous pouvez alors \u00e9couter tout le programme en ligne.<\/p>","_et_gb_content_width":"","footnotes":""},"class_list":["post-59","page","type-page","status-publish","hentry"],"_links":{"self":[{"href":"https:\/\/www.muula.ca\/cours\/wp-json\/wp\/v2\/pages\/59","targetHints":{"allow":["GET"]}}],"collection":[{"href":"https:\/\/www.muula.ca\/cours\/wp-json\/wp\/v2\/pages"}],"about":[{"href":"https:\/\/www.muula.ca\/cours\/wp-json\/wp\/v2\/types\/page"}],"author":[{"embeddable":true,"href":"https:\/\/www.muula.ca\/cours\/wp-json\/wp\/v2\/users\/8"}],"replies":[{"embeddable":true,"href":"https:\/\/www.muula.ca\/cours\/wp-json\/wp\/v2\/comments?post=59"}],"version-history":[{"count":0,"href":"https:\/\/www.muula.ca\/cours\/wp-json\/wp\/v2\/pages\/59\/revisions"}],"wp:attachment":[{"href":"https:\/\/www.muula.ca\/cours\/wp-json\/wp\/v2\/media?parent=59"}],"curies":[{"name":"wp","href":"https:\/\/api.w.org\/{rel}","templated":true}]}}