{"id":4968,"date":"2019-01-14T23:41:28","date_gmt":"2019-01-14T22:41:28","guid":{"rendered":"http:\/\/www.muula.ca\/cours\/?page_id=4968"},"modified":"2019-01-14T23:41:28","modified_gmt":"2019-01-14T22:41:28","slug":"information-programme-transformation-profonde","status":"publish","type":"page","link":"https:\/\/www.muula.ca\/cours\/information-programme-transformation-profonde\/","title":{"rendered":"Information programme Transformation profonde"},"content":{"rendered":"<p>[et_pb_section bb_built=&#8221;1&#8243; admin_label=&#8221;section&#8221; fullwidth=&#8221;on&#8221; specialty=&#8221;off&#8221; transparent_background=&#8221;off&#8221; background_color=&#8221;#ffffff&#8221; allow_player_pause=&#8221;off&#8221; inner_shadow=&#8221;off&#8221; parallax=&#8221;off&#8221; parallax_method=&#8221;off&#8221; module_class=&#8221;coursAiSlider&#8221;][et_pb_fullwidth_slider show_arrows=&#8221;off&#8221; show_pagination=&#8221;off&#8221; auto=&#8221;off&#8221; parallax=&#8221;off&#8221; parallax_method=&#8221;off&#8221; auto_ignore_hover=&#8221;off&#8221; remove_inner_shadow=&#8221;off&#8221; background_position=&#8221;top_left&#8221; hide_content_on_mobile=&#8221;off&#8221; hide_cta_on_mobile=&#8221;off&#8221; show_image_video_mobile=&#8221;off&#8221; custom_button=&#8221;off&#8221; button_letter_spacing=&#8221;0&#8243; button_icon_placement=&#8221;right&#8221; button_letter_spacing_hover=&#8221;0&#8243; _builder_version=&#8221;3.0.60&#8243;] [et_pb_slide heading=&#8221;Information programme Transformation profonde&#8221; background_color=&#8221;#f8f8f8&#8243; alignment=&#8221;center&#8221; background_layout=&#8221;light&#8221; allow_player_pause=&#8221;off&#8221; image=&#8221;http:\/\/www.muula.ca\/cours\/wp-content\/uploads\/sites\/2\/2019\/01\/PSP-vignettes-10.jpg&#8221; background_position=&#8221;top_left&#8221; background_size=&#8221;cover&#8221; header_font_select=&#8221;default&#8221; body_font_select=&#8221;default&#8221; custom_button=&#8221;off&#8221; button_font_select=&#8221;default&#8221; button_use_icon=&#8221;default&#8221; button_icon_placement=&#8221;right&#8221; button_on_hover=&#8221;on&#8221; use_background_color_gradient=&#8221;off&#8221; background_color_gradient_start=&#8221;#2b87da&#8221; background_color_gradient_end=&#8221;#29c4a9&#8243; background_color_gradient_type=&#8221;linear&#8221; background_color_gradient_direction=&#8221;180deg&#8221; background_color_gradient_direction_radial=&#8221;center&#8221; background_color_gradient_start_position=&#8221;0%&#8221; background_color_gradient_end_position=&#8221;100%&#8221; parallax=&#8221;off&#8221; parallax_method=&#8221;off&#8221; background_repeat=&#8221;no-repeat&#8221; background_blend=&#8221;normal&#8221; use_bg_overlay=&#8221;off&#8221; use_text_overlay=&#8221;off&#8221; text_border_radius=&#8221;3&#8243; header_font=&#8221;||||&#8221; body_font=&#8221;||||&#8221; button_font=&#8221;||||&#8221;]<\/p>\n<p><span>Dans ce programme de 6 mois, vous aurez la chance de prendre conscience de l\u2019impact de la vision de votre corps sur diff\u00e9rents aspects de votre vie et vous apprendrez \u00e0 l\u00e2cher prise face \u00e0 votre poids afin d\u2019arriver \u00e0 vous concentrer sur votre relation \u00e0 la nourriture.\u00a0<\/span><\/p>\n<p>[\/et_pb_slide] [\/et_pb_fullwidth_slider][\/et_pb_section][et_pb_section bb_built=&#8221;1&#8243; admin_label=&#8221;section&#8221; fullwidth=&#8221;off&#8221; specialty=&#8221;off&#8221;][et_pb_row admin_label=&#8221;row&#8221; make_fullwidth=&#8221;off&#8221; use_custom_width=&#8221;off&#8221; width_unit=&#8221;on&#8221; use_custom_gutter=&#8221;off&#8221; padding_mobile=&#8221;off&#8221; module_class=&#8221;parorigine&#8221; allow_player_pause=&#8221;off&#8221; parallax=&#8221;off&#8221; parallax_method=&#8221;off&#8221; make_equal=&#8221;off&#8221; column_padding_mobile=&#8221;on&#8221;][et_pb_column type=&#8221;2_3&#8243;][et_pb_text background_layout=&#8221;light&#8221; text_orientation=&#8221;left&#8221; border_style=&#8221;solid&#8221; _builder_version=&#8221;3.0.60&#8243;]<\/p>\n<h3>Un programme de 6 mois avec accompagnement individuel!<\/h3>\n<p>[\/et_pb_text][et_pb_cta title=&#8221;Prise de rendez-vous&#8221; button_url=&#8221;http:\/\/muula.datedechoix.com&#8221; url_new_window=&#8221;on&#8221; button_text=&#8221;Je veux prendre rendez-vous pour avoir plus de d\u00e9tails!&#8221; use_background_color=&#8221;off&#8221; background_color=&#8221;#c8b185&#8243; background_layout=&#8221;light&#8221; text_orientation=&#8221;left&#8221; use_border_color=&#8221;off&#8221; border_color=&#8221;#ffffff&#8221; border_style=&#8221;solid&#8221; custom_button=&#8221;off&#8221; button_letter_spacing=&#8221;0&#8243; button_use_icon=&#8221;default&#8221; button_icon_placement=&#8221;right&#8221; button_on_hover=&#8221;on&#8221; button_letter_spacing_hover=&#8221;0&#8243;]<\/p>\n<p>Pour avoir plus d&#8217;informations sur le Programme Origine d&#8217;un an, prenez un rendez-vous t\u00e9l\u00e9phonique gratuit avec un professionnel de MuUla!<\/p>\n<p>[\/et_pb_cta][\/et_pb_column][et_pb_column type=&#8221;1_3&#8243;][\/et_pb_column][\/et_pb_row][\/et_pb_section]<\/p>\n","protected":false},"excerpt":{"rendered":"<p>Dans ce programme de 6 mois, vous aurez la chance de prendre conscience de l\u2019impact de la vision de votre corps sur diff\u00e9rents aspects de votre vie et vous apprendrez \u00e0 l\u00e2cher prise face \u00e0 votre poids afin d\u2019arriver \u00e0 vous concentrer sur votre relation \u00e0 la nourriture.\u00a0 Un programme de 6 mois avec accompagnement [&hellip;]<\/p>\n","protected":false},"author":8,"featured_media":0,"parent":0,"menu_order":0,"comment_status":"closed","ping_status":"closed","template":"","meta":{"_et_pb_use_builder":"on","_et_pb_old_content":"","_et_gb_content_width":"","footnotes":""},"class_list":["post-4968","page","type-page","status-publish","hentry"],"_links":{"self":[{"href":"https:\/\/www.muula.ca\/cours\/wp-json\/wp\/v2\/pages\/4968","targetHints":{"allow":["GET"]}}],"collection":[{"href":"https:\/\/www.muula.ca\/cours\/wp-json\/wp\/v2\/pages"}],"about":[{"href":"https:\/\/www.muula.ca\/cours\/wp-json\/wp\/v2\/types\/page"}],"author":[{"embeddable":true,"href":"https:\/\/www.muula.ca\/cours\/wp-json\/wp\/v2\/users\/8"}],"replies":[{"embeddable":true,"href":"https:\/\/www.muula.ca\/cours\/wp-json\/wp\/v2\/comments?post=4968"}],"version-history":[{"count":0,"href":"https:\/\/www.muula.ca\/cours\/wp-json\/wp\/v2\/pages\/4968\/revisions"}],"wp:attachment":[{"href":"https:\/\/www.muula.ca\/cours\/wp-json\/wp\/v2\/media?parent=4968"}],"curies":[{"name":"wp","href":"https:\/\/api.w.org\/{rel}","templated":true}]}}