{"id":1494,"date":"2016-05-11T16:43:17","date_gmt":"2016-05-11T15:43:17","guid":{"rendered":"http:\/\/www.muula.ca\/cours\/?page_id=1494"},"modified":"2016-05-11T16:43:17","modified_gmt":"2016-05-11T15:43:17","slug":"information-programme-origine","status":"publish","type":"page","link":"https:\/\/www.muula.ca\/cours\/information-programme-origine\/","title":{"rendered":"Information Programme Origine"},"content":{"rendered":"<p>[et_pb_section admin_label=&#8221;section&#8221; fullwidth=&#8221;on&#8221; specialty=&#8221;off&#8221; transparent_background=&#8221;off&#8221; background_color=&#8221;#ffffff&#8221; allow_player_pause=&#8221;off&#8221; inner_shadow=&#8221;off&#8221; parallax=&#8221;off&#8221; parallax_method=&#8221;off&#8221; module_class=&#8221;coursAiSlider&#8221;][et_pb_fullwidth_slider admin_label=&#8221;Curseur de d\u00e9filement plein \u00e9cran&#8221; show_arrows=&#8221;off&#8221; show_pagination=&#8221;off&#8221; auto=&#8221;off&#8221; parallax=&#8221;off&#8221; parallax_method=&#8221;off&#8221; auto_ignore_hover=&#8221;off&#8221; remove_inner_shadow=&#8221;off&#8221; background_position=&#8221;default&#8221; background_size=&#8221;default&#8221; hide_content_on_mobile=&#8221;off&#8221; hide_cta_on_mobile=&#8221;off&#8221; show_image_video_mobile=&#8221;off&#8221; custom_button=&#8221;off&#8221; button_letter_spacing=&#8221;0&#8243; button_use_icon=&#8221;default&#8221; button_icon_placement=&#8221;right&#8221; button_on_hover=&#8221;on&#8221; button_letter_spacing_hover=&#8221;0&#8243;] [et_pb_slide heading=&#8221;Information programme Origine&#8221; background_color=&#8221;#f8f8f8&#8243; alignment=&#8221;center&#8221; background_layout=&#8221;light&#8221; allow_player_pause=&#8221;off&#8221; image=&#8221;http:\/\/www.muula.ca\/cours\/wp-content\/uploads\/2016\/04\/page-programme-origine.jpg&#8221; background_position=&#8221;default&#8221; background_size=&#8221;default&#8221; header_font_select=&#8221;default&#8221; body_font_select=&#8221;default&#8221; custom_button=&#8221;off&#8221; button_font_select=&#8221;default&#8221; button_use_icon=&#8221;default&#8221; button_icon_placement=&#8221;right&#8221; button_on_hover=&#8221;on&#8221;]<\/p>\n<p>\u00c0 travers ce programme d\u2019un an, lib\u00e9rez-vous de vos kilos \u00e9motionnels pour vivre la vie \u00e0 laquelle vous aspirez!<\/p>\n<p>[\/et_pb_slide] [\/et_pb_fullwidth_slider][\/et_pb_section][et_pb_section admin_label=&#8221;section&#8221; fullwidth=&#8221;off&#8221; specialty=&#8221;off&#8221;][et_pb_row admin_label=&#8221;row&#8221; make_fullwidth=&#8221;off&#8221; use_custom_width=&#8221;off&#8221; width_unit=&#8221;on&#8221; use_custom_gutter=&#8221;off&#8221; padding_mobile=&#8221;off&#8221; module_class=&#8221;parorigine&#8221; allow_player_pause=&#8221;off&#8221; parallax=&#8221;off&#8221; parallax_method=&#8221;off&#8221; make_equal=&#8221;off&#8221; column_padding_mobile=&#8221;on&#8221;][et_pb_column type=&#8221;2_3&#8243;][et_pb_text admin_label=&#8221;Texte&#8221; background_layout=&#8221;light&#8221; text_orientation=&#8221;left&#8221; use_border_color=&#8221;off&#8221; border_color=&#8221;#ffffff&#8221; border_style=&#8221;solid&#8221;]<\/p>\n<h3>Pourquoi rejoindre le Programme Origine d&#8217;un an?<\/h3>\n<p>[\/et_pb_text][et_pb_text admin_label=&#8221;Texte&#8221; background_layout=&#8221;light&#8221; text_orientation=&#8221;left&#8221; use_border_color=&#8221;off&#8221; border_color=&#8221;#ffffff&#8221; border_style=&#8221;solid&#8221;]<\/p>\n<h4>1. Pour me lib\u00e9rer de mon attirance constante envers les r\u00e9gimes<\/h4>\n<p>Ceci est le pas le plus important de toute la d\u00e9marche\u00a0: tant et aussi longtemps que les r\u00e9gimes vous attirent, vous ne pouvez pas aller vers votre corps et de ce fait, l\u2019id\u00e9e de vous lib\u00e9rer de votre surpoids n\u2019est pas une option pour vous. Dans ce programme, vous allez vous lib\u00e9rer de la souffrance, des \u00e9checs, ainsi que des d\u00e9couragements engendr\u00e9s par les r\u00e9gimes et mettre un point final au poids yoyo. Cesser de faire des r\u00e9gimes est la pr\u00e9misse de base \u00e0 l\u2019\u00e9coute des signaux de faim et sati\u00e9t\u00e9, qui \u00e9ventuellement, vous permettra de vous lib\u00e9rer de cette charge \u00e9motionnelle qui est prise sous forme de kilos superflus dans votre corps<\/p>\n<h4>2. Pour me lib\u00e9rer de mon\u00a0bagage du pass\u00e9 qui est \u00e0 l\u2019origine de ma\u00a0mauvaise relation avec la nourriture<\/h4>\n<p>Apr\u00e8s vous \u00eatre lib\u00e9r\u00e9 de votre attirance constante envers les r\u00e9gimes, votre attention est maintenant port\u00e9e vers vos signaux de faim et sati\u00e9t\u00e9 au lieu des r\u00e9gimes. Cependant, c\u2019est \u00e0 ce moment que vous faites face \u00e0 vos peurs, ins\u00e9curit\u00e9s et fausses croyances qui sont \u00e0 l\u2019origine de votre gain de poids ann\u00e9es apr\u00e8s ann\u00e9es. Tant et aussi longtemps que vous n\u2019aurez pas r\u00e9gl\u00e9 ces aspects, la lib\u00e9ration de vos kilos \u00e9motionnels restera hors de votre port\u00e9e. Dans ce programme, vous allez d\u00e9passer vos peurs, vos ins\u00e9curit\u00e9s et vos fausses croyances (qui vous gardent loin de vos signaux de faim et sati\u00e9t\u00e9) et ainsi paver le chemin vers la lib\u00e9ration de votre exc\u00e8s de poids g\u00e9n\u00e9r\u00e9 par vos \u00e9motions.<\/p>\n<h4>3. Pour me d\u00e9faire\u00a0de mes blocages qui m&#8217;emp\u00eachent de reconnecter avec mes signaux de faim et sati\u00e9t\u00e9<\/h4>\n<p>Dans ce programme, vous allez vous lib\u00e9rer de votre bagage des anciens r\u00e9gimes qui contamine la relation id\u00e9ale que vous voulez d\u00e9velopper avec votre alimentation. Si vous ne le faites pas, vous allez continuer \u00e0 manger dans le m\u00eame mode de restrictions et de di\u00e8tes et vous ne vous lib\u00e8rerez pas de votre surpoids caus\u00e9 par cette relation malsaine avec les aliments. Lorsque vous r\u00e9glez votre bagage du pass\u00e9, vous \u00eates dans une nouvelle position pour conserver cette extraordinaire relation avec la nourriture. Ce programme permet \u00e0 votre c\u0153ur de se lib\u00e9rer et d\u2019\u00eatre pleinement en connexion avec vos signaux de faim et sati\u00e9t\u00e9 afin de laisser votre corps se lib\u00e9rer des kilos superflus.<\/p>\n<h4>4. Mettre mon coeur \u00e0 l&#8217;entra\u00eenement<\/h4>\n<p>Dans ce programme, vous allez \u00eatre en mesure d\u2019appr\u00e9cier votre beaut\u00e9 int\u00e9rieure et la voir telle qu\u2019elle est.Vous allez b\u00e2tir votre amour propre pour faire en sorte que la nourriture ne comble plus le vide \u00e0 l\u2019int\u00e9rieur de vous.\u00a0\u00catre ouvert \u00e0 recevoir de l\u2019amour et enlever tous les blocages qui s\u2019y opposent\u00a0: plusieurs personnes ont beaucoup de difficult\u00e9 \u00e0 recevoir de l\u2019amour. Remarquez \u00e0 quel point c\u2019est difficile pour certaines personnes d\u2019accueillir quelque chose d\u2019aussi simple qu\u2019un compliment. Il est parfois tr\u00e8s inconfortable de recevoir un compliment alors que celui-ci devrait \u00eatre re\u00e7u avec plaisir. Peut-\u00eatre avez-vous remarqu\u00e9 \u00e7a pour vous-m\u00eame? Si c\u2019est difficile pour vous de recevoir cet amour qui va remplir votre c\u0153ur, vous allez rester avec ce vide int\u00e9rieur qui vous am\u00e8ne \u00e0 manger. N\u2019ayant plus de vide \u00e0 remplir, vous allez vous connecter \u00e0 vos signaux de faim et sati\u00e9t\u00e9 et vous lib\u00e9rer ainsi de vos kilos \u00e9motionnels.<\/p>\n<h4>5. Mon acc\u00e8s au bonheur, mon moi authentique<\/h4>\n<p>Dans ce programme, vous allez vous connecter avec votre \u00absoi authentique\u00bb afin de vous aligner avec le poids que la nature a r\u00e9ellement pr\u00e9vu pour vous. Les kilos \u00e9motionnels expriment votre souffrance et elle vous maintient en mode survie, mais au-del\u00e0 de celle-ci, il y a un \u00eatre qui veut vivre librement.\u00a0\u00c0 travers cette \u00e9tape, vous consoliderez vos acquis pour que votre relation avec la nourriture soit r\u00e9gl\u00e9e une bonne fois pour toutes. Ce cheminement int\u00e9rieur vous am\u00e8nera vers la vie \u00e0 laquelle vous aspirez.<\/p>\n<p>[\/et_pb_text][\/et_pb_column][et_pb_column type=&#8221;1_3&#8243;][et_pb_cta admin_label=&#8221;Appel d&#8217;action&#8221; title=&#8221;Prise de rendez-vous&#8221; button_url=&#8221;http:\/\/muula.datedechoix.com&#8221; url_new_window=&#8221;on&#8221; button_text=&#8221;Je veux prendre rendez-vous pour avoir plus de d\u00e9tails!&#8221; use_background_color=&#8221;off&#8221; background_color=&#8221;#c8b185&#8243; background_layout=&#8221;light&#8221; text_orientation=&#8221;left&#8221; use_border_color=&#8221;off&#8221; border_color=&#8221;#ffffff&#8221; border_style=&#8221;solid&#8221; custom_button=&#8221;off&#8221; button_letter_spacing=&#8221;0&#8243; button_use_icon=&#8221;default&#8221; button_icon_placement=&#8221;right&#8221; button_on_hover=&#8221;on&#8221; button_letter_spacing_hover=&#8221;0&#8243;]<\/p>\n<p>Pour avoir plus d&#8217;informations sur le Programme Origine d&#8217;un an, prenez un rendez-vous t\u00e9l\u00e9phonique gratuit avec un professionnel de MuUla!<\/p>\n<p>[\/et_pb_cta][\/et_pb_column][\/et_pb_row][\/et_pb_section]<\/p>\n","protected":false},"excerpt":{"rendered":"<p>\u00c0 travers ce programme d\u2019un an, lib\u00e9rez-vous de vos kilos \u00e9motionnels pour vivre la vie \u00e0 laquelle vous aspirez! Pourquoi rejoindre le Programme Origine d&#8217;un an? 1. Pour me lib\u00e9rer de mon attirance constante envers les r\u00e9gimes Ceci est le pas le plus important de toute la d\u00e9marche\u00a0: tant et aussi longtemps que les r\u00e9gimes [&hellip;]<\/p>\n","protected":false},"author":8,"featured_media":0,"parent":0,"menu_order":0,"comment_status":"closed","ping_status":"closed","template":"","meta":{"_et_pb_use_builder":"on","_et_pb_old_content":"","_et_gb_content_width":"","footnotes":""},"class_list":["post-1494","page","type-page","status-publish","hentry"],"_links":{"self":[{"href":"https:\/\/www.muula.ca\/cours\/wp-json\/wp\/v2\/pages\/1494","targetHints":{"allow":["GET"]}}],"collection":[{"href":"https:\/\/www.muula.ca\/cours\/wp-json\/wp\/v2\/pages"}],"about":[{"href":"https:\/\/www.muula.ca\/cours\/wp-json\/wp\/v2\/types\/page"}],"author":[{"embeddable":true,"href":"https:\/\/www.muula.ca\/cours\/wp-json\/wp\/v2\/users\/8"}],"replies":[{"embeddable":true,"href":"https:\/\/www.muula.ca\/cours\/wp-json\/wp\/v2\/comments?post=1494"}],"version-history":[{"count":0,"href":"https:\/\/www.muula.ca\/cours\/wp-json\/wp\/v2\/pages\/1494\/revisions"}],"wp:attachment":[{"href":"https:\/\/www.muula.ca\/cours\/wp-json\/wp\/v2\/media?parent=1494"}],"curies":[{"name":"wp","href":"https:\/\/api.w.org\/{rel}","templated":true}]}}